{"id":9,"date":"2024-06-14T14:27:05","date_gmt":"2024-06-14T14:27:05","guid":{"rendered":"https:\/\/demosites.royal-elementor-addons.com\/financial-services-v1\/?page_id=9"},"modified":"2026-04-14T02:14:39","modified_gmt":"2026-04-14T02:14:39","slug":"nosotros","status":"publish","type":"page","link":"https:\/\/www.dreamhouse.pe\/?page_id=9","title":{"rendered":"Nosotros"},"content":{"rendered":"\t\t<div data-elementor-type=\"wp-page\" data-elementor-id=\"9\" class=\"elementor elementor-9\">\n\t\t\t\t<div class=\"elementor-element elementor-element-8030a81 e-flex e-con-boxed wpr-particle-no wpr-jarallax-no wpr-parallax-no wpr-sticky-section-no e-con e-parent\" data-id=\"8030a81\" data-element_type=\"container\" data-e-type=\"container\" data-settings=\"{&quot;background_background&quot;:&quot;classic&quot;}\">\n\t\t\t\t\t<div class=\"e-con-inner\">\n\t\t\t\t<div class=\"elementor-element elementor-element-9408ba5 elementor-widget elementor-widget-heading\" data-id=\"9408ba5\" data-element_type=\"widget\" data-e-type=\"widget\" data-widget_type=\"heading.default\">\n\t\t\t\t\t<h1 class=\"elementor-heading-title elementor-size-default\">Nosotros<\/h1>\t\t\t\t<\/div>\n\t\t\t\t\t<\/div>\n\t\t\t\t<\/div>\n\t\t<div class=\"elementor-element elementor-element-e2c4003 e-flex e-con-boxed wpr-particle-no wpr-jarallax-no wpr-parallax-no wpr-sticky-section-no e-con e-parent\" data-id=\"e2c4003\" data-element_type=\"container\" data-e-type=\"container\">\n\t\t\t\t\t<div class=\"e-con-inner\">\n\t\t<div class=\"elementor-element elementor-element-3878c15 e-flex e-con-boxed wpr-particle-no wpr-jarallax-no wpr-parallax-no wpr-sticky-section-no elementor-invisible e-con e-child\" data-id=\"3878c15\" data-element_type=\"container\" data-e-type=\"container\" data-settings=\"{&quot;animation&quot;:&quot;slideInLeft&quot;}\">\n\t\t\t\t\t<div class=\"e-con-inner\">\n\t\t\t\t<div class=\"elementor-element elementor-element-1b719f4 elementor-widget elementor-widget-heading\" data-id=\"1b719f4\" data-element_type=\"widget\" data-e-type=\"widget\" data-widget_type=\"heading.default\">\n\t\t\t\t\t<h2 class=\"elementor-heading-title elementor-size-default\">Sobre Nosotros\n<\/h2>\t\t\t\t<\/div>\n\t\t\t\t<div class=\"elementor-element elementor-element-84e7306 elementor-widget elementor-widget-text-editor\" data-id=\"84e7306\" data-element_type=\"widget\" data-e-type=\"widget\" data-widget_type=\"text-editor.default\">\n\t\t\t\t\t\t\t\t\t<p>DreamHouse es una empresa especializada en servicios inmobiliarios y asesor\u00eda en operaciones de bienes ra\u00edces.<\/p><p>Nuestro equipo ofrece acompa\u00f1amiento personalizado para garantizar que cada transacci\u00f3n inmobiliaria sea segura, transparente y beneficiosa para nuestros clientes.<\/p>\t\t\t\t\t\t\t\t<\/div>\n\t\t\t\t<div class=\"elementor-element elementor-element-2ff386a elementor-widget elementor-widget-text-editor\" data-id=\"2ff386a\" data-element_type=\"widget\" data-e-type=\"widget\" data-widget_type=\"text-editor.default\">\n\t\t\t\t\t\t\t\t\t<p>Trabajamos con propietarios, compradores e inversionistas que buscan realizar operaciones inmobiliarias con respaldo profesional.<\/p>\t\t\t\t\t\t\t\t<\/div>\n\t\t\t\t\t<\/div>\n\t\t\t\t<\/div>\n\t\t<div class=\"elementor-element elementor-element-3c5575f e-flex e-con-boxed wpr-particle-no wpr-jarallax-no wpr-parallax-no wpr-sticky-section-no elementor-invisible e-con e-child\" data-id=\"3c5575f\" data-element_type=\"container\" data-e-type=\"container\" data-settings=\"{&quot;animation&quot;:&quot;slideInRight&quot;}\">\n\t\t\t\t\t<div class=\"e-con-inner\">\n\t\t\t\t<div class=\"elementor-element elementor-element-6fc82a9 elementor-widget elementor-widget-image\" data-id=\"6fc82a9\" data-element_type=\"widget\" data-e-type=\"widget\" data-widget_type=\"image.default\">\n\t\t\t\t\t\t\t\t\t\t\t\t\t\t\t<img decoding=\"async\" src=\"https:\/\/www.dreamhouse.pe\/wp-content\/uploads\/elementor\/thumbs\/1332216972-1331904788-travertine-dream-house-06-rlo7t01npjwg8aw3xbjz1ju6kpky5znt94dykvxb1c.jpg\" title=\"1332216972-1331904788-travertine-dream-house-06\" alt=\"1332216972-1331904788-travertine-dream-house-06\" loading=\"lazy\" \/>\t\t\t\t\t\t\t\t\t\t\t\t\t\t\t<\/div>\n\t\t\t\t\t<\/div>\n\t\t\t\t<\/div>\n\t\t\t\t\t<\/div>\n\t\t\t\t<\/div>\n\t\t<div class=\"elementor-element elementor-element-a888889 e-flex e-con-boxed wpr-particle-no wpr-jarallax-no wpr-parallax-no wpr-sticky-section-no e-con e-parent\" data-id=\"a888889\" data-element_type=\"container\" data-e-type=\"container\" data-settings=\"{&quot;background_background&quot;:&quot;classic&quot;}\">\n\t\t\t\t\t<div class=\"e-con-inner\">\n\t\t\t\t<div class=\"elementor-element elementor-element-2b40daa wpr-list-style-none elementor-invisible elementor-widget elementor-widget-wpr-posts-timeline\" data-id=\"2b40daa\" data-element_type=\"widget\" data-e-type=\"widget\" data-settings=\"{&quot;_animation&quot;:&quot;slideInUp&quot;,&quot;swiper_speed&quot;:500}\" data-widget_type=\"wpr-posts-timeline.default\">\n\t\t\t\t\t<div class=\"wpr-timeline-outer-container\"><div class=\"wpr-wrapper swiper wpr-horizontal-bottom\" dir=\"\" data-slidestoshow = \"2\" data-autoplay=\"\" data-loop=\"\" data-swiper-speed=\"500\" data-swiper-delay=\"0\" data-swiper-poh=\"\" data-swiper-space-between=\"5\"><div class=\"swiper-wrapper wpr-horizontal-bottom-timeline\"><div class=\"swiper-slide swiper-slide-line-top no elementor-repeater-item-96cb1c4\"><div class=\"wpr-main-line-icon wpr-icon\"><\/div><div class=\"wpr-story-info \"><div class=\"wpr-animation-wrap wpr-timeline-media\"><img fetchpriority=\"high\" decoding=\"async\" width=\"700\" height=\"313\" src=\"https:\/\/www.dreamhouse.pe\/wp-content\/uploads\/2024\/06\/Roadmap-1.jpg\" class=\"attachment-full size-full\" alt=\"\" srcset=\"https:\/\/www.dreamhouse.pe\/wp-content\/uploads\/2024\/06\/Roadmap-1.jpg 700w, https:\/\/www.dreamhouse.pe\/wp-content\/uploads\/2024\/06\/Roadmap-1-300x134.jpg 300w\" sizes=\"(max-width: 700px) 100vw, 700px\" \/><\/div><div class=\"wpr-timeline-content-wrapper\"><div class=\"wpr-title-wrap\"><span class=\"wpr-title\">Misi\u00f3n<\/span><\/div><div class=\"wpr-description\"><p>Brindar asesor\u00eda inmobiliaria profesional que permita a nuestros clientes realizar operaciones seguras y eficientes en el mercado de bienes ra\u00edces.<\/p><\/div><\/div><\/div><\/div><div class=\"swiper-slide swiper-slide-line-top no elementor-repeater-item-536d322\"><div class=\"wpr-main-line-icon wpr-icon\"><\/div><div class=\"wpr-story-info \"><div class=\"wpr-animation-wrap wpr-timeline-media\"><img decoding=\"async\" width=\"700\" height=\"313\" src=\"https:\/\/www.dreamhouse.pe\/wp-content\/uploads\/2024\/06\/Roadmap-2.jpg\" class=\"attachment-full size-full\" alt=\"\" srcset=\"https:\/\/www.dreamhouse.pe\/wp-content\/uploads\/2024\/06\/Roadmap-2.jpg 700w, https:\/\/www.dreamhouse.pe\/wp-content\/uploads\/2024\/06\/Roadmap-2-300x134.jpg 300w\" sizes=\"(max-width: 700px) 100vw, 700px\" \/><\/div><div class=\"wpr-timeline-content-wrapper\"><div class=\"wpr-title-wrap\"><span class=\"wpr-title\">Visi\u00f3n<\/span><\/div><div class=\"wpr-description\"><p>Ser una empresa inmobiliaria reconocida por su confianza, transparencia y excelencia en el servicio.<\/p><\/div><\/div><\/div><\/div><\/div>\n\t\t\t<!-- Add Pagination -->        \n\t\t\t<div class=\"wpr-swiper-pagination\"><\/div>\n\t\t\t<!-- Add Arrows -->\n\t\t\t<div class=\"wpr-button-prev wpr-timeline-prev-arrow wpr-timeline-prev-2b40daa\">\n\t\t\t\t<svg version=\"1.1\" xmlns=\"http:\/\/www.w3.org\/2000\/svg\" xmlns:xlink=\"http:\/\/www.w3.org\/1999\/xlink\" x=\"0px\" y=\"0px\" viewBox=\"0 0 283.4 512\" style=\"enable-background:new 0 0 283.4 512;\" xml:space=\"preserve\"><g><polygon class=\"st0\" points=\"54.5,256.3 283.4,485.1 256.1,512.5 0,256.3 0,256.3 27.2,229 256.1,0 283.4,27.4 \"\/><\/g><\/svg>\n\t\t\t<\/div>\n\t\t\t<div class=\"wpr-button-next wpr-timeline-next-arrow wpr-timeline-next-2b40daa\">\n\t\t\t\t<svg version=\"1.1\" xmlns=\"http:\/\/www.w3.org\/2000\/svg\" xmlns:xlink=\"http:\/\/www.w3.org\/1999\/xlink\" x=\"0px\" y=\"0px\" viewBox=\"0 0 283.4 512\" style=\"enable-background:new 0 0 283.4 512;\" xml:space=\"preserve\"><g><polygon class=\"st0\" points=\"54.5,256.3 283.4,485.1 256.1,512.5 0,256.3 0,256.3 27.2,229 256.1,0 283.4,27.4 \"\/><\/g><\/svg>\n\t\t\t<\/div>\n\t\t<\/div><\/div>\t\t\t\t<\/div>\n\t\t\t\t\t<\/div>\n\t\t\t\t<\/div>\n\t\t<div class=\"elementor-element elementor-element-9657776 e-flex e-con-boxed wpr-particle-no wpr-jarallax-no wpr-parallax-no wpr-sticky-section-no e-con e-parent\" data-id=\"9657776\" data-element_type=\"container\" data-e-type=\"container\" data-settings=\"{&quot;background_background&quot;:&quot;classic&quot;}\">\n\t\t\t\t\t<div class=\"e-con-inner\">\n\t\t<div class=\"elementor-element elementor-element-0876684 e-flex e-con-boxed wpr-particle-no wpr-jarallax-no wpr-parallax-no wpr-sticky-section-no elementor-invisible e-con e-child\" data-id=\"0876684\" data-element_type=\"container\" data-e-type=\"container\" data-settings=\"{&quot;animation&quot;:&quot;slideInRight&quot;}\">\n\t\t\t\t\t<div class=\"e-con-inner\">\n\t\t\t\t<div class=\"elementor-element elementor-element-3b33a34 elementor-widget elementor-widget-heading\" data-id=\"3b33a34\" data-element_type=\"widget\" data-e-type=\"widget\" data-widget_type=\"heading.default\">\n\t\t\t\t\t<h2 class=\"elementor-heading-title elementor-size-default\">Asesor\u00eda inmobiliaria especializada<\/h2>\t\t\t\t<\/div>\n\t\t\t\t<div class=\"elementor-element elementor-element-76264e8 elementor-widget elementor-widget-text-editor\" data-id=\"76264e8\" data-element_type=\"widget\" data-e-type=\"widget\" data-widget_type=\"text-editor.default\">\n\t\t\t\t\t\t\t\t\t<p>Compra y venta de inmuebles con asesor\u00eda Segura.<\/p>\t\t\t\t\t\t\t\t<\/div>\n\t\t\t\t<div class=\"elementor-element elementor-element-7f9b00f elementor-widget elementor-widget-text-editor\" data-id=\"7f9b00f\" data-element_type=\"widget\" data-e-type=\"widget\" data-widget_type=\"text-editor.default\">\n\t\t\t\t\t\t\t\t\t<p>En Dreamhouse brindamos asesor\u00eda integral para la compra, venta y gesti\u00f3n de bienes inmuebles. Nuestro objetivo es garantizar que cada operaci\u00f3n inmobiliaria se realice con seguridad jur\u00eddica, transparencia y eficiencia.<\/p>\t\t\t\t\t\t\t\t<\/div>\n\t\t\t\t<div class=\"elementor-element elementor-element-b507788 elementor-widget elementor-widget-text-editor\" data-id=\"b507788\" data-element_type=\"widget\" data-e-type=\"widget\" data-widget_type=\"text-editor.default\">\n\t\t\t\t\t\t\t\t\t<p>Acompa\u00f1amos a nuestros clientes en todo el proceso, desde la evaluaci\u00f3n del inmueble hasta el cierre de la operaci\u00f3n, brindando asesor\u00eda profesional en cada etapa.<\/p>\t\t\t\t\t\t\t\t<\/div>\n\t\t\t\t\t<\/div>\n\t\t\t\t<\/div>\n\t\t\t\t\t<\/div>\n\t\t\t\t<\/div>\n\t\t\t\t<\/div>\n\t\t","protected":false},"excerpt":{"rendered":"<p>Nosotros Sobre Nosotros DreamHouse es una empresa especializada en servicios inmobiliarios y asesor\u00eda en operaciones de bienes ra\u00edces. Nuestro equipo ofrece acompa\u00f1amiento personalizado para garantizar que cada transacci\u00f3n inmobiliaria sea segura, transparente y beneficiosa para nuestros clientes. Trabajamos con propietarios, compradores e inversionistas que buscan realizar operaciones inmobiliarias con respaldo profesional. Misi\u00f3n Brindar asesor\u00eda inmobiliaria profesional que permita a nuestros clientes realizar operaciones seguras y eficientes en el mercado de bienes ra\u00edces. Visi\u00f3n Ser una empresa inmobiliaria reconocida por su confianza, transparencia y excelencia en el servicio. Asesor\u00eda inmobiliaria especializada Compra y venta de inmuebles con asesor\u00eda Segura. En Dreamhouse brindamos asesor\u00eda integral para la compra, venta y gesti\u00f3n de bienes inmuebles. Nuestro objetivo es garantizar que cada operaci\u00f3n inmobiliaria se realice con seguridad jur\u00eddica, transparencia y eficiencia. Acompa\u00f1amos a nuestros clientes en todo el proceso, desde la evaluaci\u00f3n del inmueble hasta el cierre de la operaci\u00f3n, brindando asesor\u00eda profesional en cada etapa.<\/p>\n","protected":false},"author":1,"featured_media":0,"parent":0,"menu_order":0,"comment_status":"closed","ping_status":"closed","template":"elementor_canvas","meta":{"footnotes":""},"class_list":["post-9","page","type-page","status-publish","hentry"],"_links":{"self":[{"href":"https:\/\/www.dreamhouse.pe\/index.php?rest_route=\/wp\/v2\/pages\/9","targetHints":{"allow":["GET"]}}],"collection":[{"href":"https:\/\/www.dreamhouse.pe\/index.php?rest_route=\/wp\/v2\/pages"}],"about":[{"href":"https:\/\/www.dreamhouse.pe\/index.php?rest_route=\/wp\/v2\/types\/page"}],"author":[{"embeddable":true,"href":"https:\/\/www.dreamhouse.pe\/index.php?rest_route=\/wp\/v2\/users\/1"}],"replies":[{"embeddable":true,"href":"https:\/\/www.dreamhouse.pe\/index.php?rest_route=%2Fwp%2Fv2%2Fcomments&post=9"}],"version-history":[{"count":34,"href":"https:\/\/www.dreamhouse.pe\/index.php?rest_route=\/wp\/v2\/pages\/9\/revisions"}],"predecessor-version":[{"id":1382,"href":"https:\/\/www.dreamhouse.pe\/index.php?rest_route=\/wp\/v2\/pages\/9\/revisions\/1382"}],"wp:attachment":[{"href":"https:\/\/www.dreamhouse.pe\/index.php?rest_route=%2Fwp%2Fv2%2Fmedia&parent=9"}],"curies":[{"name":"wp","href":"https:\/\/api.w.org\/{rel}","templated":true}]}}