{"id":10,"date":"2024-06-14T14:27:13","date_gmt":"2024-06-14T14:27:13","guid":{"rendered":"https:\/\/demosites.royal-elementor-addons.com\/financial-services-v1\/?page_id=10"},"modified":"2026-04-08T06:37:57","modified_gmt":"2026-04-08T06:37:57","slug":"servicios","status":"publish","type":"page","link":"https:\/\/www.dreamhouse.pe\/?page_id=10","title":{"rendered":"Servicios"},"content":{"rendered":"\t\t<div data-elementor-type=\"wp-page\" data-elementor-id=\"10\" class=\"elementor elementor-10\">\n\t\t\t\t<div class=\"elementor-element elementor-element-0580e27 e-flex e-con-boxed wpr-particle-no wpr-jarallax-no wpr-parallax-no wpr-sticky-section-no e-con e-parent\" data-id=\"0580e27\" data-element_type=\"container\" data-e-type=\"container\" data-settings=\"{&quot;background_background&quot;:&quot;classic&quot;}\">\n\t\t\t\t\t<div class=\"e-con-inner\">\n\t\t\t\t<div class=\"elementor-element elementor-element-f1a85f1 elementor-widget elementor-widget-heading\" data-id=\"f1a85f1\" data-element_type=\"widget\" data-e-type=\"widget\" data-widget_type=\"heading.default\">\n\t\t\t\t\t<h1 class=\"elementor-heading-title elementor-size-default\">Servicios<\/h1>\t\t\t\t<\/div>\n\t\t\t\t\t<\/div>\n\t\t\t\t<\/div>\n\t\t<div class=\"elementor-element elementor-element-94ec379 e-flex e-con-boxed wpr-particle-no wpr-jarallax-no wpr-parallax-no wpr-sticky-section-no e-con e-parent\" data-id=\"94ec379\" data-element_type=\"container\" data-e-type=\"container\">\n\t\t\t\t\t<div class=\"e-con-inner\">\n\t\t<div class=\"elementor-element elementor-element-b09c6f8 e-con-full e-flex wpr-particle-no wpr-jarallax-no wpr-parallax-no wpr-sticky-section-no e-con e-child\" data-id=\"b09c6f8\" data-element_type=\"container\" data-e-type=\"container\">\n\t\t\t\t<div class=\"elementor-element elementor-element-dffd659 elementor-widget elementor-widget-heading\" data-id=\"dffd659\" data-element_type=\"widget\" data-e-type=\"widget\" data-widget_type=\"heading.default\">\n\t\t\t\t\t<h2 class=\"elementor-heading-title elementor-size-default\">Nuestros Servicios<\/h2>\t\t\t\t<\/div>\n\t\t\t\t<\/div>\n\t\t<div class=\"elementor-element elementor-element-6cb12aa e-flex e-con-boxed wpr-particle-no wpr-jarallax-no wpr-parallax-no wpr-sticky-section-no e-con e-child\" data-id=\"6cb12aa\" data-element_type=\"container\" data-e-type=\"container\">\n\t\t\t\t\t<div class=\"e-con-inner\">\n\t\t<div class=\"elementor-element elementor-element-05a0071 e-grid e-con-boxed wpr-particle-no wpr-jarallax-no wpr-parallax-no wpr-sticky-section-no e-con e-child\" data-id=\"05a0071\" data-element_type=\"container\" data-e-type=\"container\">\n\t\t\t\t\t<div class=\"e-con-inner\">\n\t\t\t\t<div class=\"elementor-element elementor-element-09d9427 elementor-position-top elementor-invisible elementor-widget elementor-widget-image-box\" data-id=\"09d9427\" data-element_type=\"widget\" data-e-type=\"widget\" data-settings=\"{&quot;_animation&quot;:&quot;zoomIn&quot;}\" data-widget_type=\"image-box.default\">\n\t\t\t\t\t<div class=\"elementor-image-box-wrapper\"><figure class=\"elementor-image-box-img\"><img fetchpriority=\"high\" decoding=\"async\" width=\"430\" height=\"431\" src=\"https:\/\/www.dreamhouse.pe\/wp-content\/uploads\/2024\/06\/Services-3.png\" class=\"attachment-full size-full wp-image-860\" alt=\"\" srcset=\"https:\/\/www.dreamhouse.pe\/wp-content\/uploads\/2024\/06\/Services-3.png 430w, https:\/\/www.dreamhouse.pe\/wp-content\/uploads\/2024\/06\/Services-3-300x300.png 300w, https:\/\/www.dreamhouse.pe\/wp-content\/uploads\/2024\/06\/Services-3-150x150.png 150w\" sizes=\"(max-width: 430px) 100vw, 430px\" \/><\/figure><div class=\"elementor-image-box-content\"><h3 class=\"elementor-image-box-title\">Compra de inmuebles<\/h3><p class=\"elementor-image-box-description\">Asesoramos a nuestros clientes en la b\u00fasqueda y adquisici\u00f3n de propiedades, verificando los aspectos legales y registrales del inmueble para garantizar una operaci\u00f3n segura.<\/p><\/div><\/div>\t\t\t\t<\/div>\n\t\t\t\t<div class=\"elementor-element elementor-element-65038ed elementor-position-top elementor-invisible elementor-widget elementor-widget-image-box\" data-id=\"65038ed\" data-element_type=\"widget\" data-e-type=\"widget\" data-settings=\"{&quot;_animation&quot;:&quot;zoomIn&quot;}\" data-widget_type=\"image-box.default\">\n\t\t\t\t\t<div class=\"elementor-image-box-wrapper\"><figure class=\"elementor-image-box-img\"><img fetchpriority=\"high\" decoding=\"async\" width=\"430\" height=\"431\" src=\"https:\/\/www.dreamhouse.pe\/wp-content\/uploads\/2024\/06\/Services-3.png\" class=\"attachment-full size-full wp-image-860\" alt=\"\" srcset=\"https:\/\/www.dreamhouse.pe\/wp-content\/uploads\/2024\/06\/Services-3.png 430w, https:\/\/www.dreamhouse.pe\/wp-content\/uploads\/2024\/06\/Services-3-300x300.png 300w, https:\/\/www.dreamhouse.pe\/wp-content\/uploads\/2024\/06\/Services-3-150x150.png 150w\" sizes=\"(max-width: 430px) 100vw, 430px\" \/><\/figure><div class=\"elementor-image-box-content\"><h3 class=\"elementor-image-box-title\">Venta de propiedades<\/h3><p class=\"elementor-image-box-description\">Brindamos asesor\u00eda integral para la comercializaci\u00f3n de inmuebles, incluyendo promoci\u00f3n, negociaci\u00f3n y gesti\u00f3n de la operaci\u00f3n hasta su cierre.\n<br>\n\nAsesoramos en levantamientos de embargos, hipotecas y negociaciones con las entidades financieras. Que la hipoteca no frustre la venta de tu propiedad. <\/p><\/div><\/div>\t\t\t\t<\/div>\n\t\t\t\t<div class=\"elementor-element elementor-element-1b60019 elementor-position-top elementor-invisible elementor-widget elementor-widget-image-box\" data-id=\"1b60019\" data-element_type=\"widget\" data-e-type=\"widget\" data-settings=\"{&quot;_animation&quot;:&quot;zoomIn&quot;}\" data-widget_type=\"image-box.default\">\n\t\t\t\t\t<div class=\"elementor-image-box-wrapper\"><figure class=\"elementor-image-box-img\"><img fetchpriority=\"high\" decoding=\"async\" width=\"430\" height=\"431\" src=\"https:\/\/www.dreamhouse.pe\/wp-content\/uploads\/2024\/06\/Services-3.png\" class=\"attachment-full size-full wp-image-860\" alt=\"\" srcset=\"https:\/\/www.dreamhouse.pe\/wp-content\/uploads\/2024\/06\/Services-3.png 430w, https:\/\/www.dreamhouse.pe\/wp-content\/uploads\/2024\/06\/Services-3-300x300.png 300w, https:\/\/www.dreamhouse.pe\/wp-content\/uploads\/2024\/06\/Services-3-150x150.png 150w\" sizes=\"(max-width: 430px) 100vw, 430px\" \/><\/figure><div class=\"elementor-image-box-content\"><h3 class=\"elementor-image-box-title\">Asesor\u00eda legal inmobiliaria<\/h3><p class=\"elementor-image-box-description\">\u25cf\tVerificaci\u00f3n registral del inmueble.<br>\n\u25cf\tRevisi\u00f3n de cargas y grav\u00e1menes..<br>\n\u25cf\tElaboraci\u00f3n de contratos de compraventa. .<br>\n\u25cf\tAsesor\u00eda en tr\u00e1mites notariales y registrales. .<br>\n\u25cf\tSeguridad jur\u00eddica en la operaci\u00f3n. .<br>\n<\/p><\/div><\/div>\t\t\t\t<\/div>\n\t\t\t\t<div class=\"elementor-element elementor-element-01b3fcd elementor-position-top elementor-invisible elementor-widget elementor-widget-image-box\" data-id=\"01b3fcd\" data-element_type=\"widget\" data-e-type=\"widget\" data-settings=\"{&quot;_animation&quot;:&quot;zoomIn&quot;}\" data-widget_type=\"image-box.default\">\n\t\t\t\t\t<div class=\"elementor-image-box-wrapper\"><figure class=\"elementor-image-box-img\"><img fetchpriority=\"high\" decoding=\"async\" width=\"430\" height=\"431\" src=\"https:\/\/www.dreamhouse.pe\/wp-content\/uploads\/2024\/06\/Services-3.png\" class=\"attachment-full size-full wp-image-860\" alt=\"\" srcset=\"https:\/\/www.dreamhouse.pe\/wp-content\/uploads\/2024\/06\/Services-3.png 430w, https:\/\/www.dreamhouse.pe\/wp-content\/uploads\/2024\/06\/Services-3-300x300.png 300w, https:\/\/www.dreamhouse.pe\/wp-content\/uploads\/2024\/06\/Services-3-150x150.png 150w\" sizes=\"(max-width: 430px) 100vw, 430px\" \/><\/figure><div class=\"elementor-image-box-content\"><h3 class=\"elementor-image-box-title\">Valorizaci\u00f3n de inmuebles<\/h3><p class=\"elementor-image-box-description\">Realizamos an\u00e1lisis del mercado inmobiliario para determinar el valor comercial real de una propiedad.<\/p><\/div><\/div>\t\t\t\t<\/div>\n\t\t\t\t\t<\/div>\n\t\t\t\t<\/div>\n\t\t\t\t\t<\/div>\n\t\t\t\t<\/div>\n\t\t\t\t\t<\/div>\n\t\t\t\t<\/div>\n\t\t<div class=\"elementor-element elementor-element-7105bae e-flex e-con-boxed wpr-particle-no wpr-jarallax-no wpr-parallax-no wpr-sticky-section-no e-con e-parent\" data-id=\"7105bae\" data-element_type=\"container\" data-e-type=\"container\">\n\t\t\t\t\t<div class=\"e-con-inner\">\n\t\t\t\t<div class=\"elementor-element elementor-element-ea61e9c elementor-widget__width-initial elementor-widget elementor-widget-heading\" data-id=\"ea61e9c\" data-element_type=\"widget\" data-e-type=\"widget\" data-widget_type=\"heading.default\">\n\t\t\t\t\t<h2 class=\"elementor-heading-title elementor-size-default\">Compramos inmuebles con problemas legales.<\/h2>\t\t\t\t<\/div>\n\t\t\t\t\t<\/div>\n\t\t\t\t<\/div>\n\t\t<div class=\"elementor-element elementor-element-a66985d e-flex e-con-boxed wpr-particle-no wpr-jarallax-no wpr-parallax-no wpr-sticky-section-no e-con e-parent\" data-id=\"a66985d\" data-element_type=\"container\" data-e-type=\"container\">\n\t\t\t\t\t<div class=\"e-con-inner\">\n\t\t\t\t<div class=\"elementor-element elementor-element-e29a2fd elementor-widget__width-initial elementor-widget elementor-widget-text-editor\" data-id=\"e29a2fd\" data-element_type=\"widget\" data-e-type=\"widget\" data-widget_type=\"text-editor.default\">\n\t\t\t\t\t\t\t\t\t<ul><li>Inmuebles con hipoteca.<\/li><li>Inmuebles con embargos.<\/li><li>Sucesiones.<\/li><li>Copropiedades.<\/li><li>Inmuebles judicializados<\/li><\/ul>\t\t\t\t\t\t\t\t<\/div>\n\t\t\t\t\t<\/div>\n\t\t\t\t<\/div>\n\t\t<div class=\"elementor-element elementor-element-058442d e-flex e-con-boxed wpr-particle-no wpr-jarallax-no wpr-parallax-no wpr-sticky-section-no e-con e-parent\" data-id=\"058442d\" data-element_type=\"container\" data-e-type=\"container\" data-settings=\"{&quot;background_background&quot;:&quot;classic&quot;}\">\n\t\t\t\t\t<div class=\"e-con-inner\">\n\t\t<div class=\"elementor-element elementor-element-6fbea9d e-flex e-con-boxed wpr-particle-no wpr-jarallax-no wpr-parallax-no wpr-sticky-section-no elementor-invisible e-con e-child\" data-id=\"6fbea9d\" data-element_type=\"container\" data-e-type=\"container\" data-settings=\"{&quot;animation&quot;:&quot;fadeIn&quot;}\">\n\t\t\t\t\t<div class=\"e-con-inner\">\n\t\t\t\t<div class=\"elementor-element elementor-element-4fe6984 elementor-widget elementor-widget-heading\" data-id=\"4fe6984\" data-element_type=\"widget\" data-e-type=\"widget\" data-widget_type=\"heading.default\">\n\t\t\t\t\t<h2 class=\"elementor-heading-title elementor-size-default\">Testimonios<\/h2>\t\t\t\t<\/div>\n\t\t\t\t<div class=\"elementor-element elementor-element-8db3910 wpr-testimonial-slider-columns--tablet1 wpr-testimonial-slider-columns-2 wpr-testimonial-slider-columns--mobile1 wpr-testimonial-rating-style_2 wpr-testimonial-meta-position-bottom wpr-testimonial-meta-align-center wpr-testimonial-image-position-center elementor-invisible elementor-widget elementor-widget-wpr-testimonial\" data-id=\"8db3910\" data-element_type=\"widget\" data-e-type=\"widget\" data-settings=\"{&quot;testimonial_amount_tablet&quot;:&quot;1&quot;,&quot;_animation&quot;:&quot;zoomIn&quot;,&quot;testimonial_amount&quot;:2,&quot;testimonial_amount_mobile&quot;:1,&quot;testimonial_slides_to_scroll&quot;:2,&quot;testimonial_loop&quot;:&quot;yes&quot;}\" data-widget_type=\"wpr-testimonial.default\">\n\t\t\t\t\t\t\t<div class=\"wpr-testimonial-carousel-wrap\">\n\t\t\t\n\t\t\t<div class=\"wpr-testimonial-carousel\" dir=\"ltr\" data-slick=\"{&quot;rtl&quot;:false,&quot;infinite&quot;:true,&quot;speed&quot;:700,&quot;arrows&quot;:true,&quot;dots&quot;:true,&quot;autoplay&quot;:false,&quot;autoplaySpeed&quot;:0,&quot;pauseOnHover&quot;:&quot;&quot;,&quot;prevArrow&quot;:&quot;#wpr-testimonial-prev-8db3910&quot;,&quot;nextArrow&quot;:&quot;#wpr-testimonial-next-8db3910&quot;,&quot;sliderSlidesToScroll&quot;:2}\" data-slide-effect=\"slide\">\n\t\t\t\t\t\n\t\t\t\t\t\n\t\t\t\t\t\t\t\t\t\t\t\n\t\t\t\t\t\t<div class=\"wpr-testimonial-item elementor-repeater-item-136631d elementor-clearfix\">\n\t\t\t\t\t\t\t\n\t\t\t\t\t\t\t<div class=\"wpr-testimonial-meta elementor-clearfix\">\n\t\t\t\t\t\t\t\t<div class=\"wpr-testimonial-meta-inner\">\n\t\t\t\t\t\t\t\t\n\t\t\t\t\t<div class=\"wpr-testimonial-image\">\n\t\t\t\t<img decoding=\"async\" src=\"https:\/\/www.dreamhouse.pe\/wp-content\/uploads\/2024\/06\/testimonial-1.jpg\" alt=\"Gina Ramos\">\n\t\t\t<\/div>\n\t\t\n\t\t\t\n\t\t<div class=\"wpr-testimonial-meta-content-wrap\">\n\t\t\t\t\t\t\t<div class=\"wpr-testimonial-name\">Gina Ramos<\/div>\n\t\t\t\n\t\t\t\n\t\t\t\n\t\t<\/div>\n\t\t\t\t\t\t\t\t\t\t<\/div>\n\t\t\t\t\t\t\t<\/div>\n\n\t\t\t\t\t\t\t\n\t\t<div class=\"wpr-testimonial-content-wrap\">\n\t\t\t<div class=\"wpr-testimonial-content-inner\">\n\t\t\t\n\t\t\t\n\t\t\t\n\t\t\t\t\t\t\t<div class=\"wpr-testimonial-content\">\n\t\t\t\t\t\n\t\t\t\t\t<p><p>\"Se los recomiendo\".<\/p><\/p>\n\t\t\t\t<\/div>\n\t\t\t\n\t\t\t\t\t\t\t\t\n\n\t\t\t<div class=\"wpr-testimonial-rating\">\n\t\t\t\n\n                                    \n                                                    <i class=\"wpr-rating-icon-full\">&#9734;<\/i>\n                        \n                                    \n\n\t     \t\n\n                                    \n                                                    <i class=\"wpr-rating-icon-full\">&#9734;<\/i>\n                        \n                                    \n\n\t     \t\n\n                                    \n                                                    <i class=\"wpr-rating-icon-full\">&#9734;<\/i>\n                        \n                                    \n\n\t     \t\n\n                                    \n                                                    <i class=\"wpr-rating-icon-full\">&#9734;<\/i>\n                        \n                                    \n\n\t     \t\n\n                                    \n                                                    <i class=\"wpr-rating-icon-5\">&#9734;<\/i>\n                        \n                                    \n\n\t     \t\n\t     \t\t\t\t<\/div>\n\n\t\t\t\t\n\t\t\t\t\t\t<\/div>\n\t\t<\/div>\n\n\t    \n\t\t\t\t\t\t\t\n\t\t\t\t\t\t<\/div>\n\t\t\t\t\t\t\n\t\t\t\t\t\t\t\t\t\t\t\n\t\t\t\t\t\t<div class=\"wpr-testimonial-item elementor-repeater-item-99bdcb2 elementor-clearfix\">\n\t\t\t\t\t\t\t\n\t\t\t\t\t\t\t<div class=\"wpr-testimonial-meta elementor-clearfix\">\n\t\t\t\t\t\t\t\t<div class=\"wpr-testimonial-meta-inner\">\n\t\t\t\t\t\t\t\t\n\t\t\t\t\t<div class=\"wpr-testimonial-image\">\n\t\t\t\t<img decoding=\"async\" src=\"https:\/\/www.dreamhouse.pe\/wp-content\/uploads\/2024\/06\/testimonial-4.jpg\" alt=\"Fernando Paredes\">\n\t\t\t<\/div>\n\t\t\n\t\t\t\n\t\t<div class=\"wpr-testimonial-meta-content-wrap\">\n\t\t\t\t\t\t\t<div class=\"wpr-testimonial-name\">Fernando Paredes<\/div>\n\t\t\t\n\t\t\t\n\t\t\t\n\t\t<\/div>\n\t\t\t\t\t\t\t\t\t\t<\/div>\n\t\t\t\t\t\t\t<\/div>\n\n\t\t\t\t\t\t\t\n\t\t<div class=\"wpr-testimonial-content-wrap\">\n\t\t\t<div class=\"wpr-testimonial-content-inner\">\n\t\t\t\n\t\t\t\n\t\t\t\n\t\t\t\t\t\t\t<div class=\"wpr-testimonial-content\">\n\t\t\t\t\t\n\t\t\t\t\t<p><p>\"Excelente, empresa\".<\/p><\/p>\n\t\t\t\t<\/div>\n\t\t\t\n\t\t\t\t\t\t\t\t\n\n\t\t\t<div class=\"wpr-testimonial-rating\">\n\t\t\t\n\n                                    \n                                                    <i class=\"wpr-rating-icon-full\">&#9734;<\/i>\n                        \n                                    \n\n\t     \t\n\n                                    \n                                                    <i class=\"wpr-rating-icon-full\">&#9734;<\/i>\n                        \n                                    \n\n\t     \t\n\n                                    \n                                                    <i class=\"wpr-rating-icon-full\">&#9734;<\/i>\n                        \n                                    \n\n\t     \t\n\n                                    \n                                                    <i class=\"wpr-rating-icon-full\">&#9734;<\/i>\n                        \n                                    \n\n\t     \t\n\n                                    \n                                                    <i class=\"wpr-rating-icon-full\">&#9734;<\/i>\n                        \n                                    \n\n\t     \t\n\t     \t\t\t\t<\/div>\n\n\t\t\t\t\n\t\t\t\t\t\t<\/div>\n\t\t<\/div>\n\n\t    \n\t\t\t\t\t\t\t\n\t\t\t\t\t\t<\/div>\n\t\t\t\t\t\t\t\t\t<\/div>\n\n\t\t\t<div class=\"wpr-testimonial-controls\">\n\t\t\t\t<div class=\"wpr-testimonial-dots\"><\/div>\n\t\t\t<\/div>\n\n\t\t\t<div class=\"wpr-testimonial-arrow-container\">\n\t\t\t\t<div class=\"wpr-testimonial-prev-arrow wpr-testimonial-arrow\" id=\"wpr-testimonial-prev-8db3910\">\n\t\t\t\t\t<svg version=\"1.1\" xmlns=\"http:\/\/www.w3.org\/2000\/svg\" xmlns:xlink=\"http:\/\/www.w3.org\/1999\/xlink\" x=\"0px\" y=\"0px\" viewBox=\"0 0 283.4 512\" style=\"enable-background:new 0 0 283.4 512;\" xml:space=\"preserve\"><g><polygon class=\"st0\" points=\"54.5,256.3 283.4,485.1 256.1,512.5 0,256.3 0,256.3 27.2,229 256.1,0 283.4,27.4 \"\/><\/g><\/svg>\t\t\t\t<\/div>\n\t\t\t\t<div class=\"wpr-testimonial-next-arrow wpr-testimonial-arrow\" id=\"wpr-testimonial-next-8db3910\">\n\t\t\t\t\t<svg version=\"1.1\" xmlns=\"http:\/\/www.w3.org\/2000\/svg\" xmlns:xlink=\"http:\/\/www.w3.org\/1999\/xlink\" x=\"0px\" y=\"0px\" viewBox=\"0 0 283.4 512\" style=\"enable-background:new 0 0 283.4 512;\" xml:space=\"preserve\"><g><polygon class=\"st0\" points=\"54.5,256.3 283.4,485.1 256.1,512.5 0,256.3 0,256.3 27.2,229 256.1,0 283.4,27.4 \"\/><\/g><\/svg>\t\t\t\t<\/div>\n\t\t\t<\/div>\n\t\t<\/div>\n\n\t\t\t\t\t<\/div>\n\t\t\t\t\t<\/div>\n\t\t\t\t<\/div>\n\t\t\t\t\t<\/div>\n\t\t\t\t<\/div>\n\t\t\t\t<\/div>\n\t\t","protected":false},"excerpt":{"rendered":"<p>Servicios Nuestros Servicios Compra de inmuebles Asesoramos a nuestros clientes en la b\u00fasqueda y adquisici\u00f3n de propiedades, verificando los aspectos legales y registrales del inmueble para garantizar una operaci\u00f3n segura. Venta de propiedades Brindamos asesor\u00eda integral para la comercializaci\u00f3n de inmuebles, incluyendo promoci\u00f3n, negociaci\u00f3n y gesti\u00f3n de la operaci\u00f3n hasta su cierre. Asesoramos en levantamientos de embargos, hipotecas y negociaciones con las entidades financieras. Que la hipoteca no frustre la venta de tu propiedad. Asesor\u00eda legal inmobiliaria \u25cf Verificaci\u00f3n registral del inmueble. \u25cf Revisi\u00f3n de cargas y grav\u00e1menes.. \u25cf Elaboraci\u00f3n de contratos de compraventa. . \u25cf Asesor\u00eda en tr\u00e1mites notariales y registrales. . \u25cf Seguridad jur\u00eddica en la operaci\u00f3n. . Valorizaci\u00f3n de inmuebles Realizamos an\u00e1lisis del mercado inmobiliario para determinar el valor comercial real de una propiedad. Compramos inmuebles con problemas legales. Inmuebles con hipoteca. Inmuebles con embargos. Sucesiones. Copropiedades. Inmuebles judicializados Testimonios Gina Ramos \u00abSe los recomiendo\u00bb. &#9734; &#9734; &#9734; &#9734; &#9734; Fernando Paredes \u00abExcelente, empresa\u00bb. &#9734; &#9734; &#9734; &#9734; &#9734;<\/p>\n","protected":false},"author":1,"featured_media":0,"parent":0,"menu_order":0,"comment_status":"closed","ping_status":"closed","template":"elementor_canvas","meta":{"footnotes":""},"class_list":["post-10","page","type-page","status-publish","hentry"],"_links":{"self":[{"href":"https:\/\/www.dreamhouse.pe\/index.php?rest_route=\/wp\/v2\/pages\/10","targetHints":{"allow":["GET"]}}],"collection":[{"href":"https:\/\/www.dreamhouse.pe\/index.php?rest_route=\/wp\/v2\/pages"}],"about":[{"href":"https:\/\/www.dreamhouse.pe\/index.php?rest_route=\/wp\/v2\/types\/page"}],"author":[{"embeddable":true,"href":"https:\/\/www.dreamhouse.pe\/index.php?rest_route=\/wp\/v2\/users\/1"}],"replies":[{"embeddable":true,"href":"https:\/\/www.dreamhouse.pe\/index.php?rest_route=%2Fwp%2Fv2%2Fcomments&post=10"}],"version-history":[{"count":41,"href":"https:\/\/www.dreamhouse.pe\/index.php?rest_route=\/wp\/v2\/pages\/10\/revisions"}],"predecessor-version":[{"id":1392,"href":"https:\/\/www.dreamhouse.pe\/index.php?rest_route=\/wp\/v2\/pages\/10\/revisions\/1392"}],"wp:attachment":[{"href":"https:\/\/www.dreamhouse.pe\/index.php?rest_route=%2Fwp%2Fv2%2Fmedia&parent=10"}],"curies":[{"name":"wp","href":"https:\/\/api.w.org\/{rel}","templated":true}]}}